{"id":255,"date":"2019-06-29T19:34:39","date_gmt":"2019-06-29T17:34:39","guid":{"rendered":"https:\/\/evangelische-religion.de\/ReligionNeu\/?page_id=255"},"modified":"2026-04-06T08:24:25","modified_gmt":"2026-04-06T06:24:25","slug":"ueber-diese-seiten","status":"publish","type":"page","link":"https:\/\/evangelische-religion.de\/ReligionNeu\/startseite\/ueber-diese-seiten\/","title":{"rendered":"\u00dcber diese Seiten"},"content":{"rendered":"\n<p><em>Diese Seite bietet einen \u00dcberblick \u00fcber zentrale Themen des christlichen Glaubens. Freilich l\u00e4sst sich zu den einzelnen Themen mehr sagen \u2013 die Schwerpunkte innerhalb der Themen sind von mir gelegt worden. Die Themen bauen nicht aufeinander auf.<\/em><\/p>\n\n\n\n<p>Wer mag, kann Anregungen f\u00fcr den Schulunterricht\/Konfirmandenunterricht finden. Diese Seiten sind f\u00fcr unterschiedliche Klassenstufen konzipiert. Manche eignen sich eher f\u00fcr die Mittelstufe, andere f\u00fcr die Oberstufe.<\/p>\n\n\n\n<p>F\u00fcr Erwachsene d\u00fcrfte auch so manches anregend sein.<\/p>\n\n\n\n<p>Die Seiten sind frei verwendbar. F\u00fcr Anregungen bin ich dankbar. Vor allem: Manche Links veralten, die Auflage der B\u00fccher wird auch nicht immer auf dem neuesten Stand sein \u2013 ich versuche jedoch, soweit es m\u00f6glich ist, alles immer wieder zu aktualisieren. Buchhinweise, die noch vervollst\u00e4ndigt werden, betreffen weitgehend nicht wissenschaftliche Werke, sondern Werke, die f\u00fcr die Bildungsarbeit hilfreich sein k\u00f6nnen. Es wird auch auf DVDs hingewiesen. Diese gibt es zum Teil in den jeweiligen Medienzentralen bzw. auch mit Lizenz f\u00fcr den Unterricht unter anderem bei&nbsp;<a href=\"http:\/\/www.matthias-film.de\/\">http:\/\/www.matthias-film.de\/&nbsp;<\/a>\u2013 ansonsten sind sie privat faszinierend und lehrreich.<\/p>\n\n\n\n<p>In diesem Zusammenhang m\u00f6chte ich auf eine sehr hilfreiche Seite hinweisen:&nbsp;<a href=\"http:\/\/www.reli-mat.de\/index.php\">http:\/\/www.reli-mat.de\/index.php<\/a><\/p>\n\n\n\n<p>Weil auch ich gedanklich immer in Bewegung bin, werden die Themen \u2013 je nach neuem Kenntnisstand \u2013 immer wieder aktualisiert. Vorhandene L\u00fccken werden im Lauf der Zeit erg\u00e4nzt werden. Das bedeutet: Diese Seiten sind im Wachsen. Ich habe sie im Juli 2011 begonnen. Darum gibt es hier und da \u00dcberlappungen. Ein Umzug auf WordPress musste Juli 2019 stattfinden. Zurzeit (2026) werden sie neu \u00fcberarbeitet und mit <a href=\"https:\/\/mini.evangelische-religion.de\/\">https:\/\/mini.evangelische-religion.de\/<\/a> zusammengef\u00fchrt. <\/p>\n\n\n\n<p><\/p>\n","protected":false},"excerpt":{"rendered":"<p>Diese Seite bietet einen \u00dcberblick \u00fcber zentrale Themen des christlichen Glaubens. Freilich l\u00e4sst sich zu den einzelnen Themen mehr sagen \u2013 die Schwerpunkte innerhalb der Themen sind von mir gelegt worden. Die Themen bauen nicht aufeinander auf. Wer mag, kann Anregungen f\u00fcr den Schulunterricht\/Konfirmandenunterricht finden. Diese Seiten sind f\u00fcr unterschiedliche [&hellip;]<\/p>\n","protected":false},"author":1,"featured_media":0,"parent":132,"menu_order":1,"comment_status":"closed","ping_status":"closed","template":"","meta":{"footnotes":""},"class_list":["post-255","page","type-page","status-publish","hentry"],"_links":{"self":[{"href":"https:\/\/evangelische-religion.de\/ReligionNeu\/wp-json\/wp\/v2\/pages\/255","targetHints":{"allow":["GET"]}}],"collection":[{"href":"https:\/\/evangelische-religion.de\/ReligionNeu\/wp-json\/wp\/v2\/pages"}],"about":[{"href":"https:\/\/evangelische-religion.de\/ReligionNeu\/wp-json\/wp\/v2\/types\/page"}],"author":[{"embeddable":true,"href":"https:\/\/evangelische-religion.de\/ReligionNeu\/wp-json\/wp\/v2\/users\/1"}],"replies":[{"embeddable":true,"href":"https:\/\/evangelische-religion.de\/ReligionNeu\/wp-json\/wp\/v2\/comments?post=255"}],"version-history":[{"count":8,"href":"https:\/\/evangelische-religion.de\/ReligionNeu\/wp-json\/wp\/v2\/pages\/255\/revisions"}],"predecessor-version":[{"id":2793,"href":"https:\/\/evangelische-religion.de\/ReligionNeu\/wp-json\/wp\/v2\/pages\/255\/revisions\/2793"}],"up":[{"embeddable":true,"href":"https:\/\/evangelische-religion.de\/ReligionNeu\/wp-json\/wp\/v2\/pages\/132"}],"wp:attachment":[{"href":"https:\/\/evangelische-religion.de\/ReligionNeu\/wp-json\/wp\/v2\/media?parent=255"}],"curies":[{"name":"wp","href":"https:\/\/api.w.org\/{rel}","templated":true}]}}