{"id":2316,"date":"2020-08-25T11:26:36","date_gmt":"2020-08-25T09:26:36","guid":{"rendered":"https:\/\/evangelische-religion.de\/ReligionNeu\/?page_id=2316"},"modified":"2021-03-18T10:58:18","modified_gmt":"2021-03-18T09:58:18","slug":"gott-zur-sprache-bringen","status":"publish","type":"page","link":"https:\/\/evangelische-religion.de\/ReligionNeu\/gott-zur-sprache-bringen\/","title":{"rendered":"Gott zur Sprache bringen"},"content":{"rendered":"\n<p>Dazu s. auch: <a href=\"https:\/\/mini.evangelische-religion.de\/sprache-des-glaubens-1-zeichen-und-symbole\/\">https:\/\/mini.evangelische-religion.de\/sprache-des-glaubens-1-zeichen-und-symbole\/<\/a> und <a href=\"https:\/\/mini.evangelische-religion.de\/sprache-des-glaubens-2-mythos\/\">https:\/\/mini.evangelische-religion.de\/sprache-des-glaubens-2-mythos\/<\/a> und <a href=\"https:\/\/mini.evangelische-religion.de\/sprache-des-glaubens-3-gleichnisse\/\">https:\/\/mini.evangelische-religion.de\/sprache-des-glaubens-3-gleichnisse\/<\/a> und <a href=\"https:\/\/mini.evangelische-religion.de\/sprache-des-glaubens-4-wahrheit\/\">https:\/\/mini.evangelische-religion.de\/sprache-des-glaubens-4-wahrheit\/<\/a> <\/p>\n\n\n\n<p class=\"has-text-align-center has-medium-font-size\">GOTT ZUR SPRACHE BRINGEN \u2013 GOTT BRINGT SICH ZUR SPRACHE<\/p>\n\n\n\n<p class=\"has-text-align-center has-background\" style=\"background-color:#79cdf1\">1. <strong>Gott zur Sprache bringen &#8211; Sprachspiele (Wittgenstein) &#8211; Soziolekt<\/strong><\/p>\n\n\n\n<p class=\"has-text-align-center has-text-color\" style=\"color:#79cdf1\"><strong>Gott zur Sprache bringen<\/strong><\/p>\n\n\n\n<p>Gott kann man nicht angemessen zur Sprache bringen, weil die Sprache begrenzt ist, weil Gott der ganz andere ist. Gott kann auch mit unseren Sinnen nicht wahrgenommen werden, weil er der Sch\u00f6pfer ist &#8211; und die Sinne sind darauf beschr\u00e4nkt, nur Sch\u00f6pfung wahrnehmen zu k\u00f6nnen. Von daher muss Gott selbst sich zur Sprache bringen (Offenbarung) &#8211; und das tut er, indem er die Sprache verwendet, indem er die Sinne anregt. Menschen versuchen nun die Gotteserfahrungen Sprache werden zu lassen, zu kommunizieren als Individuen als Teil ihrer Kultur und ihrer Zeit &#8211; immer in dem Bewusstsein, dass das eigentlich kaum machbar ist. Und so k\u00f6nnen wir Menschen den Mythos verwenden, wir k\u00f6nnen vergleichende Sprache verwenden &#8211; so hat z.B. Jesus Gleichnisse herangezogen. Mythos wie Gleichnisse &#8211; wie auch Lyrik &#8211; sprechen Seiten des Menschen an, die er nicht nur rational erfassen kann, sondern ihn auch emotional zu erfassen in der Lage sind. Das Sprechen von Gott ist metaphorisch. Manche Formulierungen sind Abh\u00e4ngig von Situationen, von bestimmten Zeiten &#8211; manche sind zeitlos g\u00fcltig.<\/p>\n\n\n\n<p class=\"has-text-align-center has-text-color\" style=\"color:#79cdf1\"><strong>Sprachspiele \/ Soziolekt<\/strong>: <\/p>\n\n\n\n<p>Der Philosoph Wittgenstein hat &#8222;Sprachspiele&#8220; in die Diskussion eingebracht: Menschen sprechen &#8211; und dieses Sprechen ist in Kontexten zu Hause. Diese Kontexte werden von bestimmten Gruppen usw. gepr\u00e4gt. Von daher versteht nicht jeder jedes Sprachspiel, weil er nicht mit dem jeweiligen Kontext vertraut ist.&nbsp;Soziolekt&nbsp;&#8211; jede Gruppe einer Gesellschaft hat ihre Sprach-Variation. Jugendsprache unterscheidet sich von der Sprache Erwachsener, die Juristen unterscheiden sich in ihrer Sprache von den Medizinern &#8211; und der Laie versteht vielfach gar nichts oder Nuancen nicht, weil er nicht in diesem Sprachspiel bzw. Soziolekt zu Hause ist.<\/p>\n\n\n\n<p class=\"has-text-align-center has-text-color\" style=\"color:#79cdf1\"><strong>Das Wort &#8222;Gott&#8220;<\/strong><\/p>\n\n\n\n<p>Das trifft auch auf die Religion zu. &#8222;Gott&#8220; ist zun\u00e4chst nur ein Wort. Dieses Wort muss mit Sinn gef\u00fcllt werden, damit es ein sinnvolles Wort wird. Weil unsere christliche Tradition vielfach unterbrochen wurde, ist vielen nicht mehr m\u00f6glich, das Wort &#8222;Gott&#8220; sinnvoll zu f\u00fcllen, das religi\u00f6se Sprachspiel bzw. den religi\u00f6sen Soziolekt zu verstehen.<\/p>\n\n\n\n<p class=\"has-text-align-center has-text-color\" style=\"color:#79cdf1\"><strong>Das Wort &#8222;Gott&#8220; sinnvoll f\u00fcllen<\/strong><\/p>\n\n\n\n<p>Kindern ist Transzendentes noch vertraut. Gott, Engel,&#8230; &#8211; das sind&nbsp;Wirklichkeiten&nbsp;denen sie begegnen, die sie in ihrem Leben Raum geben k\u00f6nnen. Wird man erwachsen, taucht man in die Welt des Verstandes ein. Man nimmt Abschied von der Welt, die einem vorher so vertraut war. Man m\u00f6chte zur Welt des Verstandes der Erwachsenen bzw. der Welt einseitig verstandener &#8222;Wissenschaft&#8220; dazu geh\u00f6ren &#8211; und so wird man leicht selbst einseitig: Verstand allein!&nbsp;Realit\u00e4t&nbsp;&#8211; also das, was messbar ist &#8211; z\u00e4hlt, nicht die Wirklichkeit, die Bewusstsein, Soziales, Emotionales umfasst. Je mehr Erfahrungen Menschen machen und bereit sind, religi\u00f6se Deutungsmuster wahrzunehmen und ihnen zu vertrauen, desto st\u00e4rker werden sie wieder f\u00fcr religi\u00f6se Bez\u00fcge offen &#8211; also f\u00fcr den anderen Teil der Wirklichkeit, der nicht messbar ist.&nbsp;Verstand \/ Realit\u00e4t und Wirklichkeit werden in der&nbsp;Vernunft&nbsp;zusammengef\u00fchrt. Viele Menschen k\u00fcmmern sich um eine sinnvolle F\u00fcllung des Wortes &#8222;Gott&#8220; um nicht nur begrenzte Realit\u00e4t, sondern auch um Wirklichkeit wahrzunehmen. Sich nur auf einen kleinen Ausschnitt des Lebens zu beschr\u00e4nken, ist etwas, was dem Menschen als Wesen fremd ist. Er will alles erforschen, wissen, verstehen. So kann der Mensch, der das Wort &#8222;Gott&#8220; sinnvoll f\u00fcllen kann, auch nie auf dieser Stufe stehen bleiben. Neue Gotteserfahrungen tragen zum Reichtum des Glaubens bei.<\/p>\n\n\n\n<p class=\"has-text-align-center has-background\" style=\"background-color:#79cdf1\"><strong>2. Gott bringt sich in der Bibel und durch seinen Geist zur Sprache<\/strong><\/p>\n\n\n\n<p>Das <em>Alte Testament:<\/em> Gott handelt in der Geschichte des Volkes Israel: Es deutet Erfahrungen und beantwortet Weltfragen: Wie entstand die Welt, woher kommt das B\u00f6se, warum gibt es Geschlechterrollen\u2026 &#8211; Gott bringt sich im Mythos zur Sprache; in Visionen, Auditionen, durch Geschichtstexte, durch Ethik\u2026<\/p>\n\n\n\n<p>Das <em>Neue Testament:<\/em> Gott handelt am Individuum mit Auswirkungen auf die Geschichte der V\u00f6lker: Begegnung mit Gott, der sich in Jesus Christus zur Sprache bringt und der sich in den Nachfolgern in seinem Geist zur Sprache bringt.<\/p>\n\n\n\n<p class=\"has-text-align-center has-background\" style=\"background-color:#79cdf1\"><strong>3. Gott bringt sich in der Kirche und durch die Kirche zur Sprache &#8211; und in den einzelnen Christen<\/strong><\/p>\n\n\n\n<p>Gott wird in der Kirche zur Sprache gebracht \u2013 bringt sich in der Kirche zu Sprache: Theologie, \u00d6kumene, Gottesdienste, Liturgie, Gebete, Meditation, Mystik &#8211; Vereinigung mit Jesus Christus in Taufe \/ Abendmahl, Kirchenjahr, Diakonie\u2026 Aber nicht nur in der Kirche als Gemeinschaft bringt sich Gott zur Sprache, sondern auch in den einzelnen Christen, die ihr Leben aus der Beziehung zu Gott in Jesus Christus gestalten.<\/p>\n\n\n\n<p class=\"has-text-align-center has-background\" style=\"background-color:#79cdf1\"><strong>4. Gott wird durch die Philosophie zur Sprache gebracht<\/strong><\/p>\n\n\n\n<p>Gottesbeweise \u2013 Metaphysik: Gott als Person, Gott als Energie, Gott als Geist\/Psyche&#8230; Auch der Atheismus als philosophische Str\u00f6mung bringt Gott zur Sprache.<\/p>\n\n\n\n<p class=\"has-text-align-center has-background\" style=\"background-color:#79cdf1\"><strong>5. Gott wird in Religionen und religi\u00f6sen Str\u00f6mungen zur Sprache gebracht<\/strong><\/p>\n\n\n\n<p>Gott im interreligi\u00f6sen Dialog. Gottesbilder der Religionen, Gottesbilder in der Esoterik&#8230;<\/p>\n\n\n\n<p class=\"has-text-align-center has-background\" style=\"background-color:#79cdf1\"><strong>6. Gott bringt sich zur Sprache in der Sch\u00f6pfung<\/strong><\/p>\n\n\n\n<p>Wissenschaft als erkennen der Spuren Gottes, Sch\u00f6pfung als Gleichnis, um Gott verstehen zu k\u00f6nnen, der Mensch als Gesch\u00f6pf, der Gottes Spuren in der Sch\u00f6pfung bewusst erkennen kann&#8230;<\/p>\n\n\n\n<p class=\"has-text-align-center has-background\" style=\"background-color:#79cdf1\"><strong>8. Abwesenheit Gottes zur Sprache bringen<\/strong><\/p>\n\n\n\n<p>Die Abwesenheit Gottes wird aus unterschiedlichster Perspektive zur Sprache gebracht: aus der der Religion (Hiob), aus der Perspektive moderner Gottsucher (Walser), aus der Perspektive derer, die wie Hiob angesichts des Leidens Gott in Frage stellen &#8211; dann aber doch Gott finden (Magnis), aus der Perspektive der Philosophie (Leibniz)&#8230;<\/p>\n\n\n\n<p class=\"has-text-align-center has-background\" style=\"background-color:#79cdf1\"><strong>9. Gott zur Sprache bringen angesichts von Weltanschauungen<\/strong><\/p>\n\n\n\n<p>Der christliche Glaube ist nicht Teil von s\u00e4kularen Weltanschauungen und versucht immer wieder, Gott angesichts der Wirren und Verirrungen zur Sprache zu bringen: Nationalismus, Nationalsozialismus, Sozialismus \/ Kommunismus, Kapitalismus, Liberalismus, Fundamentalismus (auch fundamentalistischer Religion)&#8230;<\/p>\n\n\n\n<p class=\"has-text-align-center has-background\" style=\"background-color:#79cdf1\"><strong>10. Gott bringt sich zur Sprache \/ wird zur Sprache gebracht in der Psychologie<\/strong><\/p>\n\n\n\n<p>Glaube verhilft zu positivem Selbstwertgef\u00fchl, hilft Identit\u00e4t finden, dient der Belastungsbew\u00e4ltigung, f\u00fchrt zu positiver Lebenseinstellung, zu sozialem Verhalten, W\u00fcrde, Freiheit&#8230; Gott wird auch dann zur Sprache gebracht, wenn die Psyche aus Glaubensgr\u00fcnden gest\u00f6rt wird: falsches S\u00fcndenbewusstsein, Abgrenzung von anderen, Selbst\u00fcberh\u00f6hung&#8230;<\/p>\n\n\n\n<p class=\"has-text-align-center has-background\" style=\"background-color:#79cdf1\"><strong>11. Gott wird handelnd &#8222;zur Sprache&#8220; gebracht<\/strong><\/p>\n\n\n\n<p>Gegen die Gottesfinsternis (Theodizee und Anthropodizee): Christliche NGOs (Einsatz f\u00fcr W\u00fcrde des Menschen, Freiheit des Menschen, Menschenrechte &gt; gegen Sklaverei z.B. IJM + Anti-Slavery-International, Brot f\u00fcr die Welt, World Vision\u2026 &#8211; aber auch durch nichtchristliche NGOs, so sie der Menschlichkeit dienen. Dar\u00fcber hinaus: Diakonie und Caritas.<\/p>\n\n\n\n<p class=\"has-text-align-center has-background\" style=\"background-color:#79cdf1\"><strong>12. Alte Gotteserfahrungen werden immer wieder mit neuen Gotteserfahrungen zur Sprache gebracht<\/strong><\/p>\n\n\n\n<ul class=\"wp-block-list\"><li>youtube-Videos<\/li><li>Gott in der Kunst zur Sprache bringen<\/li><li>Gott in der Musik zur Sprache bringen<\/li><li>Gott in der Literatur zur Sprache bringen<\/li><li>Gott im Film zur Sprache bringen<\/li><li>Gott in der Werbung zur Sprache bringen&#8230;<\/li><li>Dazu s. <a href=\"https:\/\/evangelische-religion.de\/ReligionNeu\/film-musik\/kirche-und-medien\/\">https:\/\/evangelische-religion.de\/ReligionNeu\/film-musik\/kirche-und-medien\/<\/a><\/li><\/ul>\n\n\n\n<p class=\"has-background\" style=\"background-color:#79cdf1\"><strong>13. Der gro\u00dfe Alkuin (+804) betet in einem Gebet<\/strong>:<\/p>\n\n\n\n<p>  Gro\u00df bist Du, o Herr, und sehr zu preisen, gro\u00df ist Deine Kraft, und Deine Weisheit ohne Maa\u00df. Zu Deinem Lobe hast Du uns geschaffen, und unser Herz ruhet nicht, bis es in Dir ruhet. Aber wer giebt, da\u00df Du in mein Herz kommst, da\u00df Du es mit heiligem Rausche erf\u00fcllest, da\u00df ich allen Jammer vergesse und Dich allein umfasse.&nbsp; Was bist Du, Gott, mir? Verzeihe, da\u00df ich mich unterwinde, mit Dir zu reden! Sage mir um Deiner Barmherzigkeit willen, Herr mein Gott, was Du mir bist. Sprich zu meiner Seele: Ich bin deine H\u00fclfe! Ich will Deiner Stimme nachgehen, und Dich umfassen&#8230;. Eng ist die Wohnung meiner Seele, komm und mache sie weit, zerr\u00fcttet ist sie, stelle sie wieder her.&nbsp;(Auszug aus:   <a href=\"https:\/\/gebete.glaubensstimme.de\/2015\/02\/08\/alkuin-groesse-gottes\/\">https:\/\/gebete.glaubensstimme.de\/2015\/02\/08\/alkuin-groesse-gottes\/<\/a> ) Wahre Gotteserkenntnis kommt nur durch Gott selbst.<\/p>\n","protected":false},"excerpt":{"rendered":"<p>Dazu s. auch: https:\/\/mini.evangelische-religion.de\/sprache-des-glaubens-1-zeichen-und-symbole\/ und https:\/\/mini.evangelische-religion.de\/sprache-des-glaubens-2-mythos\/ und https:\/\/mini.evangelische-religion.de\/sprache-des-glaubens-3-gleichnisse\/ und https:\/\/mini.evangelische-religion.de\/sprache-des-glaubens-4-wahrheit\/ GOTT ZUR SPRACHE BRINGEN \u2013 GOTT BRINGT SICH ZUR SPRACHE 1. Gott zur Sprache bringen &#8211; Sprachspiele (Wittgenstein) &#8211; Soziolekt Gott zur Sprache bringen Gott kann man nicht angemessen zur Sprache bringen, weil die Sprache begrenzt ist, weil Gott der [&hellip;]<\/p>\n","protected":false},"author":1,"featured_media":0,"parent":0,"menu_order":0,"comment_status":"closed","ping_status":"closed","template":"","meta":{"footnotes":""},"class_list":["post-2316","page","type-page","status-publish","hentry"],"_links":{"self":[{"href":"https:\/\/evangelische-religion.de\/ReligionNeu\/wp-json\/wp\/v2\/pages\/2316","targetHints":{"allow":["GET"]}}],"collection":[{"href":"https:\/\/evangelische-religion.de\/ReligionNeu\/wp-json\/wp\/v2\/pages"}],"about":[{"href":"https:\/\/evangelische-religion.de\/ReligionNeu\/wp-json\/wp\/v2\/types\/page"}],"author":[{"embeddable":true,"href":"https:\/\/evangelische-religion.de\/ReligionNeu\/wp-json\/wp\/v2\/users\/1"}],"replies":[{"embeddable":true,"href":"https:\/\/evangelische-religion.de\/ReligionNeu\/wp-json\/wp\/v2\/comments?post=2316"}],"version-history":[{"count":2,"href":"https:\/\/evangelische-religion.de\/ReligionNeu\/wp-json\/wp\/v2\/pages\/2316\/revisions"}],"predecessor-version":[{"id":2561,"href":"https:\/\/evangelische-religion.de\/ReligionNeu\/wp-json\/wp\/v2\/pages\/2316\/revisions\/2561"}],"wp:attachment":[{"href":"https:\/\/evangelische-religion.de\/ReligionNeu\/wp-json\/wp\/v2\/media?parent=2316"}],"curies":[{"name":"wp","href":"https:\/\/api.w.org\/{rel}","templated":true}]}}