{"id":2312,"date":"2020-08-25T11:23:21","date_gmt":"2020-08-25T09:23:21","guid":{"rendered":"https:\/\/evangelische-religion.de\/ReligionNeu\/?page_id=2312"},"modified":"2022-07-28T16:19:34","modified_gmt":"2022-07-28T14:19:34","slug":"einleitung-jesus-christus","status":"publish","type":"page","link":"https:\/\/evangelische-religion.de\/ReligionNeu\/einleitung-jesus-christus\/","title":{"rendered":"Einleitung: Jesus Christus"},"content":{"rendered":"\n<p>( s. auch: <a href=\"https:\/\/mini.evangelische-religion.de\/einleitung-jesus-christus\/\">https:\/\/mini.evangelische-religion.de\/einleitung-jesus-christus\/<\/a> )<\/p>\n\n\n\n<p>Einleitung<\/p>\n\n\n\n<p>Jesus von Nazareth, der von den Christen als \u201eChristus\u201c, der Messias \/ der Gesalbte, bezeichnet wird, ist neben Buddha und Mohammed der&nbsp;<strong>wirkungsvollste Religionsgr\u00fcnder<\/strong>. Er hatte freilich nicht im Sinn, eine neue Religion zu gr\u00fcnden \u2013 sein Ziel bestand darin, sein j\u00fcdisches Volk auf den Weg Gottes zu f\u00fchren. Damit hat er Teil an der Aufgabe der Propheten, die in alttestamentlichen Schriften zu Wort kommen. Nach einer kurzen Zeit des Wirkens wurde er hingerichtet.<\/p>\n\n\n\n<p>Seine Lehre und seine Taten haben Menschen so be-Geist-ert, dass sie versuchen, seit 2000 Jahren seinen Spuren zu folgen. Wesentlich f\u00fcr die Nachfolgebereitschaft ist die Erfahrung, dass Gott den hingerichteten Jesus von Nazareth auferweckt hat. Damit hat Gott auch die neue Botschaft \u2013 die freilich in der j\u00fcdischen Tradition Jesu begr\u00fcndet liegt \u2013 legitimiert.<\/p>\n\n\n\n<p>Mit dem Glauben an die&nbsp;<strong>Auferstehung<\/strong>&nbsp;Jesu Christi hat sich auch im Laufe der Zeit die Botschaft in manchen Bereichen ge\u00e4ndert. Bekanntlich wurde aus dem Verk\u00fcnder des kommenden Reiches Gottes der verk\u00fcndigte Gottessohn. Diese Formulierung intendiert, dass Jesus ganz andere Intentionen vertrat als die sp\u00e4tere Gemeinde. Dem ist jedoch nicht so, denn er handelte und redete schon mit einem au\u00dferordentlichen&nbsp;<strong>Selbstbewusstsein<\/strong>, was die Gemeinde aufgenommen hat.<\/p>\n\n\n\n<p>Im christlichen Glauben ist jedoch auch eine&nbsp;<strong>\u201eInkulturation\u201c und \u201eIntemporierung\u201c&nbsp;<\/strong>angelegt: Jede Kultur, jede Zeit interpretiert Jesus Christus auf ihre Weise, weil er als der Lebendige durch seinen Geist wirkt. Christlicher Glaube kann nicht starr sein, wenn der Geist Jesu wirkt \u2013 gleichzeitig hat der Glaube jedoch eine Konstante: den Geist Jesu Christi, den Geist Gottes.<\/p>\n\n\n\n<p>Die&nbsp;<strong>Wirkungsgeschichte<\/strong>&nbsp;dieses Menschen ist immens. Nicht allein durch Best\u00e4tigung seiner Botschaft, sondern auch durch die Auseinandersetzung und Ablehnung seiner Botschaft. Schon fr\u00fch (7. Jahrhundert) hatte die Botschaft China erreicht \u2013 und auf diesem Weg \u00fcber Afghanistan m\u00f6glicherweise seit dem 2. Jahrhundert (?) auch buddhistische Str\u00f6mungen beeinflusst. Mohammed verk\u00fcndet seine Botschaft in manchen Teilen des Koran indem er nicht nur das Alte Testament, sondern auch Jesu Botschaft neu interpretiert, hinduistische Gruppen werden durch das soziale Handeln herausgefordert. Herausgefordert wird auch der europ\u00e4ische Atheismus bzw. Agnostizismus. Beide sind im Grunde Folge der Befreiung Jesu: Jesus sieht den Menschen als Individuum, das f\u00fcr seinen Glauben selbst verantwortlich ist. Er kann sich nicht auf die Tradition berufen, nicht auf die Gruppe. Diese Individualisierung des Glaubens ist freilich auch durch die Amtskirche lange Zeit hindurch unterdr\u00fcckt worden. Es gab aber Str\u00f6mungen, auch in der Hoch-Zeit kirchlicher Macht, die diese Intention gelebt haben.<\/p>\n\n\n\n<p>Die Wirkungsgeschichte ist noch nicht beendet \u2013 sie ist also Gegenwart: Die christliche Gemeinde w\u00e4chst trotz Verfolgungen, Sp\u00f6tteleien, Bedr\u00e4ngnissen. Sie w\u00e4chst, trotz ihrer eigenen Vergehen, Schw\u00e4chen, Zweifel, Irrlehren.<\/p>\n\n\n\n<p class=\"has-background\" style=\"background-color:#f6080c\"><strong>Aufgaben<\/strong><\/p>\n\n\n\n<p>Aufgabe 1:&nbsp;Stelle das, was du von Jesus wei\u00dft, aus unterschiedlichen Perspektiven dar (Aufgaben k\u00f6nnen auch verteilt bzw. ausgew\u00e4hlt \/ erg\u00e4nzt werden):<\/p>\n\n\n\n<ol class=\"wp-block-list\"><li>aus der Perspektive eines Atheisten<\/li><li>aus der Perspektive eines Hindus<\/li><li>aus der Perspektive eines Christen<\/li><li>aus der Perspektive eines Autors eines Film-Manuskripts<\/li><li>aus der Perspektive Jesu<\/li><li>aus der Perspektive eines Reichen\/Armen<\/li><li>aus der Perspektive einer Frau\/Mann\/Kind<\/li><li>aus der Perspektive eines Sklaven\/Herrn<\/li><li>aus der Perspektive eines Intellektuellen\/Analphabeten<\/li><\/ol>\n\n\n\n<p>Hat sich durch diese Aufgabe deine eigene Stellung zu Jesus ver\u00e4ndert?<\/p>\n\n\n\n<p>Aufgabe 2:&nbsp;Erf\u00fclle diese Aufgabe 1 am Ende der Besch\u00e4ftigung mit diesem Thema neu.<\/p>\n\n\n\n<p>Aufgabe 3:&nbsp;Stimmt das? Jesus war ein besonderer Mensch. Aber er wurde nicht verk\u00fcndigt, weil er so besonders war, sondern weil er als Auferstandener erfahren wurde.<\/p>\n\n\n\n<p>Aufgabe 4:&nbsp;Auf dieser Seite gibt es eine F\u00fclle an Jesusbildern. Welches spricht Dich besonders an? Warum? Welches st\u00f6\u00dft Dich ab? Auch hier: Warum?&nbsp;<a href=\"http:\/\/www.picsearch.de\/index.cgi?start=10333&amp;size=1p&amp;width=1362&amp;q=Jesus\">http:\/\/www.picsearch.de\/index.cgi?start=10333&amp;size=1p&amp;width=1362&amp;q=Jesus<\/a><\/p>\n\n\n\n<p>Literatur: Es gibt eine F\u00fclle an Literatur. Daraus w\u00e4hle ich:<\/p>\n\n\n\n<p>Werner Trutwin: Jesus. Arbeitsbuch Christologie. Religionsunterricht Sek. II. Neues Forum Religion, Patmos-Verlag\/Bayerischer-Schulbuchverlag, M\u00fcnchen 2010<\/p>\n\n\n\n<p>Julia R\u00fcttgers. Jesus Christus. Abitur-Wissen Religion, stark-Verlag 2009<\/p>\n\n\n\n<p>Rudolf Mack \/ Dieter Volpert: Der Mann aus Nazareth Jesus Christus, Oberstufe Religion Materialheft 7, Calwer-Verlag Stuttgart 7. Auflage 1993<\/p>\n\n\n\n<p>DVD: Franco Zeffirelli: Jesus von Nazareth, ITCEntertainmentGroup 1989<\/p>\n\n\n\n<p>DVD: Der Mann der 1000 Wunder; Regie: Stanislaw Sokolow\/Derek Hayes, Koch Media 2013<\/p>\n\n\n\n<p>DVD: Der Fall Jesus. Er will das gr\u00f6\u00dfte R\u00e4tsel aller Zeiten l\u00f6sen, Regie: Jon Gunn, Best Entertainment 2017<\/p>\n","protected":false},"excerpt":{"rendered":"<p>( s. auch: https:\/\/mini.evangelische-religion.de\/einleitung-jesus-christus\/ ) Einleitung Jesus von Nazareth, der von den Christen als \u201eChristus\u201c, der Messias \/ der Gesalbte, bezeichnet wird, ist neben Buddha und Mohammed der&nbsp;wirkungsvollste Religionsgr\u00fcnder. Er hatte freilich nicht im Sinn, eine neue Religion zu gr\u00fcnden \u2013 sein Ziel bestand darin, sein j\u00fcdisches Volk auf den [&hellip;]<\/p>\n","protected":false},"author":1,"featured_media":0,"parent":0,"menu_order":0,"comment_status":"closed","ping_status":"closed","template":"","meta":{"footnotes":""},"class_list":["post-2312","page","type-page","status-publish","hentry"],"_links":{"self":[{"href":"https:\/\/evangelische-religion.de\/ReligionNeu\/wp-json\/wp\/v2\/pages\/2312","targetHints":{"allow":["GET"]}}],"collection":[{"href":"https:\/\/evangelische-religion.de\/ReligionNeu\/wp-json\/wp\/v2\/pages"}],"about":[{"href":"https:\/\/evangelische-religion.de\/ReligionNeu\/wp-json\/wp\/v2\/types\/page"}],"author":[{"embeddable":true,"href":"https:\/\/evangelische-religion.de\/ReligionNeu\/wp-json\/wp\/v2\/users\/1"}],"replies":[{"embeddable":true,"href":"https:\/\/evangelische-religion.de\/ReligionNeu\/wp-json\/wp\/v2\/comments?post=2312"}],"version-history":[{"count":2,"href":"https:\/\/evangelische-religion.de\/ReligionNeu\/wp-json\/wp\/v2\/pages\/2312\/revisions"}],"predecessor-version":[{"id":2681,"href":"https:\/\/evangelische-religion.de\/ReligionNeu\/wp-json\/wp\/v2\/pages\/2312\/revisions\/2681"}],"wp:attachment":[{"href":"https:\/\/evangelische-religion.de\/ReligionNeu\/wp-json\/wp\/v2\/media?parent=2312"}],"curies":[{"name":"wp","href":"https:\/\/api.w.org\/{rel}","templated":true}]}}