{"id":2079,"date":"2020-02-11T06:55:45","date_gmt":"2020-02-11T05:55:45","guid":{"rendered":"https:\/\/evangelische-religion.de\/ReligionNeu\/?page_id=2079"},"modified":"2021-02-02T12:33:51","modified_gmt":"2021-02-02T11:33:51","slug":"bibel-neu","status":"publish","type":"page","link":"https:\/\/evangelische-religion.de\/ReligionNeu\/heilige-schriften\/bibel-neu\/","title":{"rendered":"Bibel (neu)"},"content":{"rendered":"\n<p>Bibel\nBuch der Superlative \u2013 ein paar Aspekte seien genannt<\/p>\n\n\n\n<ol class=\"wp-block-list\"><li>Die\nBibel-App youversion gibt es in 60 Sprachen \u2013 sie wurde bislang 410.633.032 mal\nherunter geladen: <a href=\"https:\/\/www.youversion.com\/\">https:\/\/www.youversion.com\/<\/a><\/li><li>Die\nBibel ist (2019) f\u00fcr 79% der Menschen in der Muttersprache zu lesen \u2013\nallerdings haben 3.988 Sprachen noch keine Bibel\u00fcbersetzungen, 1123 nur Teile,\n1547 nur das NT \u2013 die vollst\u00e4ndige Bibel gibt es in 692 Sprachen. <a href=\"https:\/\/www.die-bibel.de\/spenden\/weltbibelhilfe\/zahlen-und-fakten\/\">https:\/\/www.die-bibel.de\/spenden\/weltbibelhilfe\/zahlen-und-fakten\/<\/a><\/li><li>Bibelserver.com\n<a href=\"https:\/\/www.bibleserver.com\/\">https:\/\/www.bibleserver.com\/<\/a>\nhat folgende Sprachen: <a href=\"https:\/\/www.bibleserver.com\/languages\">https:\/\/www.bibleserver.com\/languages<\/a>\nDort gibt es auch die M\u00f6glichkeiten, Begriffe zu suchen (Beispiel: Katze)<\/li><li>Die\nBibel hat unsere Sprache gepr\u00e4gt \u2013 durch Luthers Bibel\u00fcbersetzung haben wir das\neinende Hochdeutsch bekommen. Der Britische Commonwealth hat mit Hilfe der King\nJames Bibel englisch sprechen gelernt. Von daher wurde Englisch Weltsprache.<\/li><li>Bildung\nspielt eine gro\u00dfe Rolle, damit man die Bibel lesen kann: fr\u00fche Christen M\u00e4nner\nund Frauen lernten lesen\u2026 Universit\u00e4ten entstanden aus Kl\u00f6stern usw. Lehrerausbildung,\nRealschule h\u00e4ngen mit christlichem Bildungsinteresse zusammen.<\/li><li>Die\nBibel ist das meist kommentierte Buch.<\/li><li>J\u00e4hrlich\ngibt es tausende wissenschaftliche Arbeiten zu Teilen dieses Buches.<\/li><li>Sie\nhat Karl Marx gepr\u00e4gt \u2013 der sie allerdings ver\u00e4ndert hat, sie hat Mohammed\ngepr\u00e4gt \u2013 der sie allerdings ver\u00e4ndert hat; also Ideologie bzw. Religion, die\nweltweit vertreten sind.<\/li><li>Sie\nist auch das Buch, das die Kunst im Westen (Europa\/USA) und Osten (Russland \u2013\northodoxer Raum) beeinflusst hat wie auch die Musik und die Architektur und\nnat\u00fcrlich Literatur. Unser Verst\u00e4ndnis von Geschichte\u2026 Wissenschaft\u2026<\/li><li>Selbst\nder Atheist Bertold Brecht sagte auf die Frage, was das wichtigste Buch der Weltliteratur\nsei: \u201eSie werden lachen, die Bibel\u201c<\/li><li>Sie\nhat Menschenleben grundlegend ver\u00e4ndert.<\/li><li>Sie\nwurde als so gef\u00e4hrlich angesehen, dass Besitzer ermordet, verfolgt wurden \u2013 so\nwurde sie in das Kommunistische China und in die kommunistische Sowjetunion genauso\nabenteuerlich und unter massiven Gefahren geschmuggelt wie in manche\nmuslimische Staaten. <\/li><li>Heute\ngreift man zur Verbreitung der Bibel in nichtchristliche L\u00e4nder eher auf\ntechnische Methoden zur\u00fcck: <a href=\"https:\/\/de.wikipedia.org\/wiki\/Christliche_Medien_im_Nahen_Osten\">https:\/\/de.wikipedia.org\/wiki\/Christliche_Medien_im_Nahen_Osten<\/a>\nzum Beispiel Sat-7 : <a href=\"https:\/\/de.wikipedia.org\/wiki\/SAT-7\">https:\/\/de.wikipedia.org\/wiki\/SAT-7<\/a><\/li><li>Gro\u00dfe\nFreude herrscht, als sie die erste Bibel in ihrer Sprache bekommen: <a href=\"https:\/\/www.youtube.com\/watch?v=v9Vq8Ny7Fas\">https:\/\/www.youtube.com\/watch?v=v9Vq8Ny7Fas<\/a> &nbsp;(Kimyal) und: <a href=\"https:\/\/www.youtube.com\/watch?v=dwo98UxJqaE\">https:\/\/www.youtube.com\/watch?v=dwo98UxJqaE<\/a> <\/li><li>Und\nauch China: <a href=\"https:\/\/www.youtube.com\/watch?time_continue=1&amp;v=yWyjQcaEXHQ&amp;feature=emb_logo\">https:\/\/www.youtube.com\/watch?time_continue=1&amp;v=yWyjQcaEXHQ&amp;feature=emb_logo<\/a><\/li><li>Wie\ndie Nationalsozialisten die Bibel umschreiben wollten, damit sie in ihre Ideologie\npasst, so versucht auch China sie umzuschreiben, damit sie mit der\nchinesisch-kommunistischen Ideologie zusammenpasst.<\/li><li>Sie\nwird massiv bek\u00e4mpft. Man versucht sie zu widerlegen, sie l\u00e4cherlich zu machen,\nnach allen Regeln der menschlichen M\u00f6glichkeiten. <\/li><\/ol>\n\n\n\n<ol class=\"wp-block-list\"><li>Wer\nkennt nicht: R.I.P.? Psalm 4,9 <em>requiescat\nin pace<\/em><\/li><li>Morse\nhat seinen ersten gemorsten Satz aus Numeri \/ 4 Buch Mose 23,23 genommen<\/li><li>Die\n12 Sterne der Europa-Fahne m\u00f6glicherweise inspirieret von der Apokalypse des\nJohannes<\/li><li>Alle\nm\u00f6glichen Symbole: Geburt\/Tod, Friedenstaube, Schwerter zu Pflugscharen,\nRegenbogen\u2026 &#8211; sind der Bibel entnommen<\/li><li>Solmisationssilben\n(Do re mi fa so la si ) wurden von einem Hymnus auf Johannes (Lk 1,22)\ninspiriert <a href=\"https:\/\/de.wikipedia.org\/wiki\/Johannes-Hymnus\">https:\/\/de.wikipedia.org\/wiki\/Johannes-Hymnus<\/a><\/li><li>Jahreszahlen\nrichten sich nach Jesu Geburt aus\u2026<\/li><li>Christen\nhaben sofort den Kodex (Buchform) \u00fcbernommen \u2013 statt die Rolle.<\/li><\/ol>\n\n\n\n<ul class=\"wp-block-list\"><li>\u201eIn der Bibel finden sich die Wurzeln der\nMenschenrechte. In der Bibel ist die Verpflichtung allen Eigentums verankert.\nIn der Bibel stehen das Asylrecht und das Verbot, selbst fremde Menschen zu\nunterdr\u00fccken. Die b\u00fcrgerlichen Freiheitsrechte sind ohne das biblische\nFundament nicht denkbar, der kommunistische Gleichheitsgrundsatz nicht und auch\nnicht das hohe Ideal der Gewaltenteilung. Selbst f\u00fcr das Widerstandsrecht und\ndie Beschneidung der F\u00fcrstenwillk\u00fcr konnte und kann man sich auf die Bibel\nberufen. Aber auch f\u00fcr deren Gegens\u00e4tze: Denn auf die Bibel berufen sich auch\nKrieger, Verbrecher und Spinner!\u201c <a href=\"https:\/\/www.deutschlandfunk.de\/sie-werden-lachen-die-bibel.704.de.html?dram:article_id=85545\">https:\/\/www.deutschlandfunk.de\/sie-werden-lachen-die-bibel.704.de.html?dram:article_id=85545<\/a><\/li><\/ul>\n\n\n\n<ul class=\"wp-block-list\"><li>Was\nist an der Bibel so spannend? Der Mensch. Wir haben hier ein Buch vor uns\nliegen, das Menschheitsgeschichte seit \u00fcber 3000 Jahre wiedergibt. Vergleichbar\nsind nur die hinduistischen Veden, die als alt gelten, aber als Schrift nicht\nsicher zu datieren sind. Die \u00e4lteste Schriftsprache ist das Sumerische (ca.\n3200 v. Chr.) danach die \u00e4gyptische. Das hei\u00dft: Der Mensch kann seit ca. 5000\nJahren Gesprochenes aufschreiben. Die Bibel reicht verh\u00e4ltnism\u00e4\u00dfig dicht an\ndiese Zeit heran, wenn man noch bedenkt, dass Geschichten aus ca. 2000 vor\nChristus stammen (Abraham). Wir haben also Menschheitsgeschichte verkn\u00fcpft mit\nGottesgeschichte aus einem langen Zeitraum.<\/li><\/ul>\n\n\n\n<ul class=\"wp-block-list\"><li>Bis\nin die Gegenwart verwenden sehr viele Menschen die Bibel. Man muss nur einmal\nYoutube in diese Richtung in den Blick nehmen. Dazu s. auch die Seiten zu: <a href=\"https:\/\/evangelische-religion.de\/ReligionNeu\/film-musik\/\">https:\/\/evangelische-religion.de\/ReligionNeu\/film-musik\/<\/a><\/li><\/ul>\n\n\n\n<ul class=\"wp-block-list\"><li>Die Bibel entl\u00e4sst aus sich heraus viele Christent\u00fcmer. Allein schon die\nvier Evangelien tragen dazu bei. Sie m\u00fcsste die Grundlage daf\u00fcr sein, Toleranz\nzu lernen.<\/li><li>Aber die Vielfalt hat einen einzigen Kern \u2013 f\u00fcr Christen: Gott in Jesus\nChristus wirkt durch den Heiligen Geist.<\/li><li>Modelle der \u00d6kumene: <a href=\"https:\/\/evangelische-religion.de\/ReligionNeu\/kirche\/oekumene-modelle\/\">https:\/\/evangelische-religion.de\/ReligionNeu\/kirche\/oekumene-modelle\/<\/a><\/li><\/ul>\n","protected":false},"excerpt":{"rendered":"<p>Bibel Buch der Superlative \u2013 ein paar Aspekte seien genannt Die Bibel-App youversion gibt es in 60 Sprachen \u2013 sie wurde bislang 410.633.032 mal herunter geladen: https:\/\/www.youversion.com\/ Die Bibel ist (2019) f\u00fcr 79% der Menschen in der Muttersprache zu lesen \u2013 allerdings haben 3.988 Sprachen noch keine Bibel\u00fcbersetzungen, 1123 nur [&hellip;]<\/p>\n","protected":false},"author":1,"featured_media":0,"parent":45,"menu_order":0,"comment_status":"closed","ping_status":"closed","template":"","meta":{"footnotes":""},"class_list":["post-2079","page","type-page","status-publish","hentry"],"_links":{"self":[{"href":"https:\/\/evangelische-religion.de\/ReligionNeu\/wp-json\/wp\/v2\/pages\/2079","targetHints":{"allow":["GET"]}}],"collection":[{"href":"https:\/\/evangelische-religion.de\/ReligionNeu\/wp-json\/wp\/v2\/pages"}],"about":[{"href":"https:\/\/evangelische-religion.de\/ReligionNeu\/wp-json\/wp\/v2\/types\/page"}],"author":[{"embeddable":true,"href":"https:\/\/evangelische-religion.de\/ReligionNeu\/wp-json\/wp\/v2\/users\/1"}],"replies":[{"embeddable":true,"href":"https:\/\/evangelische-religion.de\/ReligionNeu\/wp-json\/wp\/v2\/comments?post=2079"}],"version-history":[{"count":1,"href":"https:\/\/evangelische-religion.de\/ReligionNeu\/wp-json\/wp\/v2\/pages\/2079\/revisions"}],"predecessor-version":[{"id":2080,"href":"https:\/\/evangelische-religion.de\/ReligionNeu\/wp-json\/wp\/v2\/pages\/2079\/revisions\/2080"}],"up":[{"embeddable":true,"href":"https:\/\/evangelische-religion.de\/ReligionNeu\/wp-json\/wp\/v2\/pages\/45"}],"wp:attachment":[{"href":"https:\/\/evangelische-religion.de\/ReligionNeu\/wp-json\/wp\/v2\/media?parent=2079"}],"curies":[{"name":"wp","href":"https:\/\/api.w.org\/{rel}","templated":true}]}}