{"id":2073,"date":"2020-02-10T10:44:32","date_gmt":"2020-02-10T09:44:32","guid":{"rendered":"https:\/\/evangelische-religion.de\/ReligionNeu\/?page_id=2073"},"modified":"2020-02-12T16:21:23","modified_gmt":"2020-02-12T15:21:23","slug":"gottes-geist-heiliger-geist","status":"publish","type":"page","link":"https:\/\/evangelische-religion.de\/ReligionNeu\/gott\/gottes-geist-heiliger-geist\/","title":{"rendered":"Gottes Geist \/ Heiliger Geist"},"content":{"rendered":"\n<p>Der Geist Gottes \u00e4u\u00dfert sich in Gottes Sch\u00f6pfung, in der Kommunikation mit dem Gesch\u00f6pf. Da er kurioserweise kein Teil des Lehrplanes ist, wird er auch auf diesen Seiten nicht eigens vertieft &#8211; zumindest bislang nicht. Die Themen der n\u00e4chsten Seiten &#8222;Medien&#8220; werden nicht unabsichtlich nach der Thematisierung von Jesus Christus und Gott gestellt. <\/p>\n\n\n\n<p>Bis eine eigene Darlegung hier eingestellt wird, sei auf die Enzyklika <\/p>\n\n\n\n<p><em><strong>DOMINUM ET VIVIFICANTEM<\/strong><\/em>  VON PAPST <strong>JOHANNES PAUL II.<br><\/strong>\u00dcBER DEN HEILIGEN GEIST IM LEBEN DER KIRCHE UND DER WELT <\/p>\n\n\n\n<p>verwiesen:  <a href=\"http:\/\/www.vatican.va\/content\/john-paul-ii\/de\/encyclicals\/documents\/hf_jp-ii_enc_18051986_dominum-et-vivificantem.html\">http:\/\/www.vatican.va\/content\/john-paul-ii\/de\/encyclicals\/documents\/hf_jp-ii_enc_18051986_dominum-et-vivificantem.html<\/a> <\/p>\n\n\n\n<p>Bis eine sachliche Ausarbeitung eingef\u00fcgt werden kann, ein paar Anmerkungen:<\/p>\n\n\n\n<p class=\"has-text-color has-background has-white-color has-accent-background-color\"><strong>Geist Gottes und Kommunikation<\/strong><\/p>\n\n\n\n<p>Der Heilige Geist ist der Kommunikator schlechthin. Der Heilige Geist ist die innerg\u00f6ttliche Kommunikation und gleichzeitig die Kommunikation Gottes mit dem Menschen. Der Geist Gottes ist der Ursprung der zwischenmenschlichen Kommunikation, die Kraft wahrer, gelingender Kommunikation. Er ist es, der die Vielfalt zu eine Einheit f\u00fchren kann \u2013 eine Einheit in Vielfalt. Der Geist der Freiheit ist der Kommunikator, der Freiheit erm\u00f6glicht und schafft. Denn der Geist Gottes l\u00e4sst auch dem jeweiligen Menschen in seiner ganz besonderen Eigenheit Raum. Es ist der durch den Heiligen Kommunikator begeisterte, sch\u00f6pferische Mensch, der auch eine Unmenge an kommunikativen M\u00f6glichkeiten wahrnimmt, sie weiter entwickelt. Der Geist Gottes ist es, der Christen zum Sprechen verhilft \u2013 darum haben Christen seit jeher s\u00e4mtliche Kommunikationsm\u00f6glichkeiten wahrgenommen. Gott als Kommunikator l\u00e4sst aber auch das Leiden der Kreatur zu Wort kommen, gibt dem durch Leiden Verstummten Sprache, hilft auch dadurch zu sensibilisieren. Wenn Glaubende zuweilen auch unverst\u00e4ndlich reden, dann geht es um Kommunikation mit Gott, die dem anderen, dem nicht glaubenden Menschen, verborgen ist, deren Sinn ihm verborgen ist. Damit Glaubens-Kommunikation gelingen kann, muss der g\u00f6ttliche Kommunikator selbst den Adressaten f\u00fcr das Wort Gottes \u00f6ffnen. Freilich ber\u00fccksichtigt er die Freiheit des Gegen\u00fcbers. Wenn Jesus mit Vollmacht redet, dann nehmen das nicht alle wahr. Wenn der Geistvolle in Vollmacht redet, bedeutet das nicht unbedingt Zustimmung von allen, sondern auch massivste Ablehnung bis hin zum: Kreuzige ihn!<\/p>\n\n\n\n<p>Was ich in diesem Zusammenhang interessant finde: Haben Christen im Zeitalter der Kommunikation diesen Aspekt genug wahrgenommen. Haben Sie den Geist Gottes, der die Sprachlosigkeit, die leere der Worte \u00fcberwinden kann, schon wehen geh\u00f6rt? Man sucht die Vielfalt in eine Einheit zu pressen, einen Gesinnungs-Einheitsmenschen zu schaffen \u2013 ohne den Kommunikator Gott, ohne Gottes Geist. Ohne den Geist Gottes, den Kommunikator, werden Menschen vom Tsunami der vom Menschen hochm\u00fctig gewagten Kommunikation fortgerissen, in den Strudel hinabgesogen. Wir reden geistlos \u2013 das hei\u00dft zu viel. Misslingende Kommunikation: Geschwafel. Worte, die der Geist nicht gibt, weil wir selbst meinen, Worte produzieren zu m\u00fcssen. Der Geist der Freiheit \u2013 das bedeutet nicht, dass es nicht auch Geist-lose Freiheit g\u00e4be. Menschen, rhetorisch, emotional, logisch und kommunikationstechnisch begeisternd \u2013 aber ohne die kommunikative Kraft Gottes. Nur geboren aus den Verf\u00fchrungsk\u00fcnsten der Menschen, also Kommunikation missbrauchend, den Heiligen Kommunikator verachtend, ihn \u00fcbergehend.<\/p>\n\n\n\n<p>Es ist spannend, Kommunikation aus der Perspektive des Geistes Gottes zu betrachten. Christen machen das von Anfang an. Nur: Ihn auch mit der Sprache der Gegenwart zu verk\u00fcndigen, f\u00e4llt Christen heute schwer, weil sie mit zu vielem besch\u00e4ftigt sind \u2013 nur nicht mit Gottes Geist.<\/p>\n\n\n\n<p>*<\/p>\n\n\n\n<p>\u00dcbrigens wird der Geist Gottes von jeher auch als der angesehen, der Menschen miteinander vernetzt.<\/p>\n\n\n\n<p style=\"background-color:#fb1a2d\" class=\"has-background\"><strong>Geist Gottes und Sch\u00f6nheit<\/strong><\/p>\n\n\n\n<p>Gott, Inbegriff der Sch\u00f6nheit, der Herrlichkeit,<\/p>\n\n\n\n<p>Gottes erschaffender Geist \u2013<\/p>\n\n\n\n<p>er erh\u00e4lt die Sch\u00f6pfung.<\/p>\n\n\n\n<p>Indem er in seiner Sch\u00f6pfung wirkt \u2013<\/p>\n\n\n\n<p>wirkt er auch in unserem Geist, der seine Sch\u00f6pfung ist.<\/p>\n\n\n\n<p>Weil er in unserem Geist wirkt,<\/p>\n\n\n\n<p>k\u00f6nnen wir die Sch\u00f6nheit der Sch\u00f6pfung wahrnehmen.<\/p>\n\n\n\n<p>Der Mensch ist allerdings auch so frei,<\/p>\n\n\n\n<p>sich dem Geist Gottes, somit der Sch\u00f6nheit der Sch\u00f6pfung zu verschlie\u00dfen.<\/p>\n\n\n\n<p>Leider. Mit gravierenden Folgen.<\/p>\n\n\n\n<p style=\"background-color:#2fe941\" class=\"has-background\"><strong>Verbundenheit im Geist Gottes<\/strong><\/p>\n\n\n\n<p>Wir Menschen haben die M\u00f6glichkeit, \u00fcber Zeit und Raum hinweg, sogar die Todesgrenze \u00fcberwindend, mit anderen Menschen im Geist \u2013 so sp\u00fcren manche \u2013 verbunden zu sein.<\/p>\n\n\n\n<p>Wenn wir einen Raum betreten \u2013 und alles schweigt, k\u00f6nnen wir sofort den Geist wahrnehmen, der in diesem Raum herrscht: ein Geist der Unvers\u00f6hnlichkeit, ein Geist der Harmonie.<\/p>\n\n\n\n<p>Wir sp\u00fcren auch den Geist, in dem zwei Menschen miteinander umgehen. An kleinen Gesten und Blicken vielleicht. Vielleicht auch einfach dadurch, dass sie da sind?<\/p>\n\n\n\n<p>Wir haben die M\u00f6glichkeit, auf anderen Ebenen wahrzunehmen, zu kommunizieren, als es auf den ersten Blick m\u00f6glich ist.<\/p>\n\n\n\n<p>Manche Menschen nehmen nur wenig wahr, manche ahnen nur etwas, k\u00f6nnen es aber nicht benennen, andere nehmen gar nichts wahr. Sie kommen in einen Raum, sie sind \u201eIch\u201c \u2013 alles andere entgeht ihnen. Sie merken auch nicht den Geist, der zwischen zwei Menschen herrscht. Kommunikation, Zugewandtheit \u00fcber Raum und Zeit hinweg \u2013 ist f\u00fcr sie absurd. Sie haben \u201ekeine Ader daf\u00fcr\u201c, Messinstrumente schon mal gar nicht.<\/p>\n\n\n\n<p>*<\/p>\n\n\n\n<p>Diese Geist-Verbundenheit geht \u00fcber den Menschen hinaus. Gott erm\u00f6glicht als Geber seines Geistes (als Geber seiner selbst) Menschen, ihn wahrzunehmen. Individuell kann Gott wahrgenommen werden: Manche nehmen den Geist Gottes mit allen Sinnen und mit der Ratio wahr, andere sp\u00fcren nur etwas, ohne das genauer benennen zu k\u00f6nnen, andere nehmen Gott nur durch Eigeninteressen verzerrt wahr, andere gar nicht.<\/p>\n\n\n\n<p>Ein Wegweiser zur Wahrnehmung des Geistes Gottes ist vor allem der Geist Jesu Christi. Manchmal ahnt man etwas, sp\u00fcrt etwas \u2013 wei\u00df nicht, was das ist. Dann ben\u00f6tigt man Menschen, die diese Erfahrung auch gemacht haben, sie Wort werden lassen. Das finden wir eben in denen, die Jesus Christus in Freude, Liebe und Dankbarkeit nachfolgen.<\/p>\n\n\n\n<p>Und dieser Geist erleuchtet, ist einleuchtend.<\/p>\n\n\n\n<p style=\"background-color:#f07108\" class=\"has-background\"><strong>Gottes Geist und Freiheit<\/strong><\/p>\n\n\n\n<ol class=\"wp-block-list\"><li>Gott schenkt dem Menschen Freiheit.<\/li><li>Mit dieser Freiheit, die Gott gew\u00e4hrt, ist auch seine Selbstbeschr\u00e4nkung verbunden.<\/li><li>Selbstbeschr\u00e4nkung hei\u00dft nicht, alles seinen Lauf zu lassen, sondern: Freiheit achtend lenken.<\/li><li>Die Autoren biblischer Schriften sind freie Menschen.<\/li><li>Schreiben ist ein Akt der Freiheit \u2013 in der Wahl der Worte.<\/li><li>Schreiben ist ein Akt der Freiheit \u2013 weil mit Interpretation verbunden.<\/li><li>Lesen des Geschriebenen ist ein Akt der Freiheit \u2013 weil mit Interpretation verbunden.<\/li><li>Schreibende und Lesende befinden sich im Status der Hinwendung zu Gott.<\/li><li>Beide sind nicht Gott. Man \u00f6ffnet sich Gott. Man w\u00e4chst zu Gott hin, wenn man sich ihm \u00f6ffnet. Glaubende versuchen, das Gelesene in ihrem Leben zu integrieren \u2013 aber je nach Glaubensstadium.<\/li><li>Die Freiheit des Glaubenden wird auch deutlich in der Vielfalt der \u00fcberlieferten Evangelien \u2013 aber auch in den unterschiedlichen Ans\u00e4tzen der Briefe des Paulus, Jakobus, Johannes, Judas, Petrus, Hebr\u00e4er. Sie haben aber einen gemeinsamen Kern \u2013 dieser darf trotz Vielfalt nicht \u00fcbersehen werden.<\/li><li>Diese Vielfalt erm\u00f6glicht unterschiedliche \u201eChristent\u00fcmer\u201c \u2013 sie sind aber aufgrund des Kerns eine gemeinsame Gr\u00f6\u00dfe.<\/li><li>Diese Vielfalt erm\u00f6glicht auch Inkulturation und Zeiten \u00fcbergreifende Hinwendung zu Gott.<\/li><li>Vielfalt ist nicht schlimm, nicht abzulehnen, nicht zu bek\u00e4mpfen: Die Frage ist nur: Wie gehen wir miteinander um \u2013 auf dem Weg zur Einheit?<\/li><li>Gottes Geist l\u00e4sst Freiraum. Von daher fordert Paulus auch auf, sich von Gottes Geist leiten zu lassen. Man kann sich ganz versperren, man kann sich zum Teil versperren. Wie der Mensch als Individuum und Teil einer Gruppe eben so ist.<\/li><li>Gottes Geist f\u00fchrt die Vielfalt zur Einheit \u2013 was Paulus am Beispiel des K\u00f6rpers darstellt (1Korinther 12): Obgleich der K\u00f6rper vielf\u00e4ltige Glieder\u2026 hat \u2013 ist er eine Einheit.<\/li><\/ol>\n\n\n\n<p style=\"background-color:#6f00a3\" class=\"has-text-color has-background has-white-color\"><strong>Geist Gottes und neue Weltwahrnehmung<\/strong><\/p>\n\n\n\n<p>Einer sagte zum Heiligen: Das mit dem Geist Gottes, das sagt mir nichts.<\/p>\n\n\n\n<p>Da sagte der Heilige: Das geht jedem so, der ihn nicht hat \u2013 oder nicht wei\u00df, dass er ihn hat.<\/p>\n\n\n\n<p>Einer antwortete, das ist keine gute Antwort.<\/p>\n\n\n\n<p>Ja, sagte der Heilige, ich war auch noch nicht fertig. Der Geist Gottes ist derjenige, der uns durchfluten will, wie Licht durchfluten will. Doch wenn man die Gardine schlie\u00dft, dringt zwar Licht herein, aber das Raum flutende Licht bleibt drau\u00dfen. Wenn das Licht jedoch den Raum f\u00fcllt, dann sieht alles anders aus. Wir bekommen durch den Geist Gottes einen neuen Blick. Aus dem Menschen Jesus wird Gottes Sohn. Aus den schweren Worten der Bibel wird Gottes gutes Wort. Aus den quirligen Mitmenschen weltweit werden Gottes Kinder. Aus mir, wie auch immer ich mich sehe, wird das von Gott geliebte Kind.<\/p>\n\n\n\n<p>Und wie bekommt man den Geist Gottes? Fragte Einer.<\/p>\n\n\n\n<p>Der Heilige antwortete: Man kann Gottes lebendigen, freien Geist nicht herbeizwingen. Aber ein Schritt auf sein Licht zu ist dieses Gebet:<\/p>\n\n\n\n<p>Komm Heiliger Geist, Geist Gottes,<\/p>\n\n\n\n<p>f\u00fclle mein Herz,<\/p>\n\n\n\n<p>erleuchte meinen Verstand,<\/p>\n\n\n\n<p>bestimme meine Gef\u00fchle,<\/p>\n\n\n\n<p>damit ich Dich, Gott in Jesus Christus, immer vor Augen habe.<\/p>\n\n\n\n<p>Jetzt und in Ewigkeit. Amen.<\/p>\n\n\n\n<p>*<\/p>\n\n\n\n<figure class=\"wp-block-embed-youtube wp-block-embed is-type-video is-provider-youtube wp-embed-aspect-16-9 wp-has-aspect-ratio\"><div class=\"wp-block-embed__wrapper\">\n<iframe loading=\"lazy\" title=\"Audrey Assad - Spirit of the living God [Lyrics]\" width=\"750\" height=\"422\" src=\"https:\/\/www.youtube.com\/embed\/fylsIaNsJ5o?feature=oembed\" frameborder=\"0\" allow=\"accelerometer; autoplay; encrypted-media; gyroscope; picture-in-picture\" allowfullscreen><\/iframe>\n<\/div><\/figure>\n\n\n\n<p style=\"background-color:#e2f45b\" class=\"has-background\"><strong>Geist der Kraft<\/strong><\/p>\n\n\n\n<p>Gott hat uns nicht gegeben den Geist der Furcht,<\/p>\n\n\n\n<p>sondern der Kraft, der Liebe und der Besonnenheit.<\/p>\n\n\n\n<p>(1. Brief an Timotheus 1,7)<\/p>\n\n\n\n<p>Was heute in der islamischen Welt geschieht und durch die islamische Welt geschieht, ist nicht neu, weltgeschichtlich gesehen. Es ist immer wieder erschreckend zu sehen, zu welchen Grausamkeiten Menschen f\u00e4hig sind. Aber es ist wirklich nicht neu. Auch in der Weltumspanntheit. Man denke allein an den Kommunismus und seine Unmenschlichkeiten von der DDR \u00fcber die Sowjetunion, China, Laos, Kambodscha, Nordkorea\u2026 Man denke an die Kalifen, an Dschingis Khan, Timur, Hitler \u2013 und all ihre jeweiligen Helfershefer und Steigb\u00fcgelhalter und wie die Barbaren alle hie\u00dfen, die die Welt in Furcht und Schrecken versetzten.<\/p>\n\n\n\n<p>In diese Welt des Schreckens und Erschreckens kam Gott in Jesus Christus, um einen neuen Klang zu bringen, um einen neuen Weg zu weisen, damit Menschen den Barbaren mit einer neuen Gesinnung entgegentreten k\u00f6nnen. Und wer sich dazu bekennt, der l\u00e4sst sich von niemandem unterkriegen, auch nicht besiegen, indem man von den Barbaren lernt zu hassen, indem man sich von ihnen verunsichern oder gar \u00e4ngstigen l\u00e4sst, denn:<\/p>\n\n\n\n<p>Gott hat uns nicht gegeben den Geist der Furcht,<\/p>\n\n\n\n<p>sondern der Kraft, der Liebe und der Besonnenheit.<\/p>\n\n\n\n<figure class=\"wp-block-embed-youtube wp-block-embed is-type-video is-provider-youtube wp-embed-aspect-4-3 wp-has-aspect-ratio\"><div class=\"wp-block-embed__wrapper\">\n<iframe loading=\"lazy\" title=\"Komm Heiliger Geist.wmv\" width=\"750\" height=\"563\" src=\"https:\/\/www.youtube.com\/embed\/UuTwDyjcevs?feature=oembed\" frameborder=\"0\" allow=\"accelerometer; autoplay; encrypted-media; gyroscope; picture-in-picture\" allowfullscreen><\/iframe>\n<\/div><\/figure>\n\n\n\n<p class=\"has-text-color has-background has-white-color has-accent-background-color\">Geist &#8211; Gegenwart Gottes<\/p>\n\n\n\n<p>Der Heilige Geist ist die wirkm\u00e4chtige Gegenwart Gottes in und durch uns Menschen.<\/p>\n\n\n\n<p>Sie treibt uns an, Gottes im Herzen zu sp\u00fcren, im Verstand zu erfassen, seinen Willen zu tun: Sie ist Ursprung der Liebe, der Hoffnung, des Gewissens, der Gerechtigkeit, der Sehnsucht, des Sch\u00f6nen, des Friedens, der Freiheit, der Ruhe\u2026<\/p>\n\n\n\n<figure class=\"wp-block-embed-youtube wp-block-embed is-type-video is-provider-youtube wp-embed-aspect-4-3 wp-has-aspect-ratio\"><div class=\"wp-block-embed__wrapper\">\n<iframe loading=\"lazy\" title=\"TLIG - The Amen - Prayer to the Holy Spirit\" width=\"750\" height=\"563\" src=\"https:\/\/www.youtube.com\/embed\/OkF4saAjZnc?feature=oembed\" frameborder=\"0\" allow=\"accelerometer; autoplay; encrypted-media; gyroscope; picture-in-picture\" allowfullscreen><\/iframe>\n<\/div><\/figure>\n","protected":false},"excerpt":{"rendered":"<p>Der Geist Gottes \u00e4u\u00dfert sich in Gottes Sch\u00f6pfung, in der Kommunikation mit dem Gesch\u00f6pf. Da er kurioserweise kein Teil des Lehrplanes ist, wird er auch auf diesen Seiten nicht eigens vertieft &#8211; zumindest bislang nicht. Die Themen der n\u00e4chsten Seiten &#8222;Medien&#8220; werden nicht unabsichtlich nach der Thematisierung von Jesus Christus [&hellip;]<\/p>\n","protected":false},"author":1,"featured_media":0,"parent":47,"menu_order":0,"comment_status":"closed","ping_status":"closed","template":"","meta":{"footnotes":""},"class_list":["post-2073","page","type-page","status-publish","hentry"],"_links":{"self":[{"href":"https:\/\/evangelische-religion.de\/ReligionNeu\/wp-json\/wp\/v2\/pages\/2073","targetHints":{"allow":["GET"]}}],"collection":[{"href":"https:\/\/evangelische-religion.de\/ReligionNeu\/wp-json\/wp\/v2\/pages"}],"about":[{"href":"https:\/\/evangelische-religion.de\/ReligionNeu\/wp-json\/wp\/v2\/types\/page"}],"author":[{"embeddable":true,"href":"https:\/\/evangelische-religion.de\/ReligionNeu\/wp-json\/wp\/v2\/users\/1"}],"replies":[{"embeddable":true,"href":"https:\/\/evangelische-religion.de\/ReligionNeu\/wp-json\/wp\/v2\/comments?post=2073"}],"version-history":[{"count":3,"href":"https:\/\/evangelische-religion.de\/ReligionNeu\/wp-json\/wp\/v2\/pages\/2073\/revisions"}],"predecessor-version":[{"id":2093,"href":"https:\/\/evangelische-religion.de\/ReligionNeu\/wp-json\/wp\/v2\/pages\/2073\/revisions\/2093"}],"up":[{"embeddable":true,"href":"https:\/\/evangelische-religion.de\/ReligionNeu\/wp-json\/wp\/v2\/pages\/47"}],"wp:attachment":[{"href":"https:\/\/evangelische-religion.de\/ReligionNeu\/wp-json\/wp\/v2\/media?parent=2073"}],"curies":[{"name":"wp","href":"https:\/\/api.w.org\/{rel}","templated":true}]}}