{"id":2063,"date":"2020-02-08T16:44:32","date_gmt":"2020-02-08T15:44:32","guid":{"rendered":"https:\/\/evangelische-religion.de\/ReligionNeu\/?page_id=2063"},"modified":"2020-02-08T16:45:03","modified_gmt":"2020-02-08T15:45:03","slug":"digitalisierung-anmerkungen","status":"publish","type":"page","link":"https:\/\/evangelische-religion.de\/ReligionNeu\/film-musik\/digitalisierung-anmerkungen\/","title":{"rendered":"Digitalisierung: Anmerkungen"},"content":{"rendered":"\n<p style=\"color:#a30005\" class=\"has-text-color\"><strong>Aufgabe:<\/strong> <strong>Was sagst Du zu diesen Texten?<\/strong><\/p>\n\n\n\n<ol class=\"wp-block-list\"><li><strong>Der statistische Mensch<\/strong><\/li><\/ol>\n\n\n\n<p class=\"has-text-color has-black-color\">Der Mensch lebt vernetzt. Er vernetzt sich kommunikativ. Und er vernetzt sich dann mit Hilfe der Technik.<\/p>\n\n\n\n<p>Das ist die eine Seite der Medaille. Die andere: Alle Menschen sind Individuen \u2013 aber gleichzeitig verhalten sie sich im Rahmen, der ihnen vorgegeben ist. Beispiel: Fast alle Kinder bekommen gleichzeitig Z\u00e4hne, k\u00f6nnen im gleichen Alter laufen, h\u00f6ren auf, in die Windel zu machen, haben ein \u00e4hnliches Gewicht, eine \u00e4hnliche Gr\u00f6\u00dfe. Dann gibt es freilich Ausnahmen \u2013 aber die best\u00e4tigen bekanntlich die Regel. Und das setzt sich w\u00e4hrend des gesamten Lebens fort. Und so entdeckte Adolphe Quetelet im 19. Jahrhundert, dass das verhalten von Menschen trotz individuellen Tuns Regeln folgt, die nicht bewusst sind. Somit sind Menschen in Typen einzuordnen. Diese jeweiligen Typen verhalten sich \u00e4hnlich. Der Mensch wird statistisch berechenbar. Und weil der Mensch statistisch berechenbar ist, kann man ihn auch \u2013 obgleich er sich als Individuum f\u00fchlt \u2013 als Herdentier ansehen. <\/p>\n\n\n\n<p>Das wird\ndann sehr gerne von Firmen ausgenutzt: Alle Menschen wollen es m\u00f6glichst\nkostenlos haben, alle wollen gerne gelobt werden oder sich selber belohnen\u2026\nEntsprechend sind das die K\u00f6der, mit denen auch die Firmen arbeiten, die\nDigitalisierung f\u00f6rdern. Der Mensch ist dann nicht mehr als Individuum\nerkennbar, sondern als ein Herdentier, das \u00f6konomisch verwertet wird. <\/p>\n\n\n\n<p>Verfeinert bedeutet das aber auch, dass Menschen, die eine negative und aggressive Sprache verwenden, die sich auch sonst neben dem normalen Mainstream verhalten, die sich h\u00e4ufig beschweren usw. von Firmen eher negativ bewertet werden k\u00f6nnen (Risikobewertung durch Hintergrund-Checks, z.B. Airbnb oder Fluggesellschaften usw.) \u2013 es werden also Scores angelegt (wie z. B. auch von der Schufa <a href=\"https:\/\/www.focus.de\/finanzen\/banken\/tid-20933\/schufa-auskunft-welche-daten-die-schufa-sammeln-darf_aid_587768.html\">https:\/\/www.focus.de\/finanzen\/banken\/tid-20933\/schufa-auskunft-welche-daten-die-schufa-sammeln-darf_aid_587768.html<\/a> ; zudem: Ab einem gewissen Alter bekommen Menschen kaum mehr Kredite\u2026). Wer hier negativ auff\u00e4llt, kann evtl. benachteiligt werden, wer nicht oder positiv auff\u00e4llt, kann bevorzugt werden. Das kann dann soweit gehen, dass Menschen mit besonderen Vorlieben (z.B. ein Benziner-Auto f\u00e4hrt statt E-Wagen oder Fahrrad) oder in einem deklassierten Wohnumfeld lebt, oder politisch unangenehme Einstellung vertritt, diskriminiert wird \u2013 ohne dass er es wei\u00df. (Die Beispiele zeigen, dass es auch in unserer Gesellschaft Schieflagen gibt. Vgl. auch <a href=\"https:\/\/www.ai-united.de\/der-random-forest-zufallswald-algorithmus\/\">https:\/\/www.ai-united.de\/der-random-forest-zufallswald-algorithmus\/<\/a> und m\u00f6gliche Diskriminierung von Frauen, weil die Algorithmen es vorgeben: <a href=\"https:\/\/www.spiegel.de\/wirtschaft\/unternehmen\/apple-card-gibt-frauen-offenbar-weniger-kredit-a-1295864.html\">https:\/\/www.spiegel.de\/wirtschaft\/unternehmen\/apple-card-gibt-frauen-offenbar-weniger-kredit-a-1295864.html<\/a> )<\/p>\n\n\n\n<p>Das wird\nbesonders an chinesischen Verh\u00e4ltnissen deutlich: Wer sich \u2013 beobachtet durch\nKameras (die sogar die K\u00f6rpertemperatur anzeigen k\u00f6nnen) und im Internet oder\ndurch sonstiges Alltagsverhalten \u2013 Regime-konform verh\u00e4lt, der klettert auf der\nScore-Leiter (rote Liste) nach oben, andere kommen auf die schwarze Liste. Dieses\n\u201eSozialkredit-System\u201c funktioniert, weil man sich gerne belohnen lassen m\u00f6chte,\nsozial anerkannt sein m\u00f6chte. Der Mensch macht gerne mit, weil eben Belohnungen\nlocken \u2013 bis dahin, dass der Mann dann auch leichter an eine in China rare\nFrauen herankommt. Der Mensch f\u00fchlt sich gut, wichtig, anerkannt \u2013 das hat zur\nFolge, dass diejenigen, die nicht auf der roten Liste stehen, diskriminiert\nwerden (selbst daran Schuld\u2026). Wer auf der schwarzen Liste steht, kann eben auf\nallen Ebenen geschnitten werden. Er bekommt keine Kredite, bekommt keine\nUnterkunft in Hotels, darf nicht mit Flugzeugen fliegen oder mit Schnellz\u00fcgen\nfahren. <\/p>\n\n\n\n<p>Die Gesellschaft wird geteilt in die &#8222;Kaste&#8220; der Positiven und die Kaste der Negativen. Der Mensch l\u00e4sst sich gerne zum \u201eSklaven\u201c machen, wenn er Vorteile bekommt. <\/p>\n\n\n\n<p>\u00dcbrigens ist die Frage, wieweit das auch negative Auswirkungen auf diejenigen haben kann, die High-Score-S\u00fcchtig sind. Sagen solche Menschen noch die Meinung, die sie wirklich haben? Leben sie in Freiheit? <\/p>\n\n\n\n<p style=\"color:#00a30b\" class=\"has-text-color\">2.<strong> Roboter und ich <\/strong><\/p>\n\n\n\n<p>Roboter werden immer menschlicher. Sie menschlich zu machen, ist auch das Ziel der Entwickler, weil Menschen sie dann leichter akzeptieren, bis dahin, dass sie auch eher als \u201eHaushaltshilfe\u201c gekauft werden. Je besser diese Haushaltshilfe sein wird, desto st\u00e4rker w\u00e4chst die Beziehung zu \u201eihr\u201c, weil der Mensch schon jetzt einfache Ger\u00e4te mit menschlicher Stimme schon als \u201ePartner\u201c ansehen kann. Er begr\u00fc\u00dft morgens Alexa, sagt <em>tsch\u00fcss<\/em> Alexa, sagt da bin ich wieder Alexa \u2013 und es antwortet immer eine menschliche Stimme. Technische Ger\u00e4te werden zu Ersatzmenschen, \u201eWesen\u201c, mit denen man kommuniziert und eine soziale Beziehung aufbaut. Die Frage, die sich stellt: Was macht das mit uns Menschen? Letztlich ist das auch eine ethische Fragestellung \u2013 dar\u00fcber hinaus eine Fragestellung, die christlich durchdacht werden muss. Der christliche Glaube ist sozial orientiert. Was ist also, wenn diese soziale Orientierung wegf\u00e4llt und an die Stelle des Menschen ein Roboter (oder auch ein Tier) tritt? Vielleicht gehen Menschen mit ihren technischen Gef\u00e4hrten letztlich \u201emenschlicher\u201c um als mit Menschen, da \u201etechnische Gef\u00e4hrten\u201c Geld kosten, teuer sind. <\/p>\n","protected":false},"excerpt":{"rendered":"<p>Aufgabe: Was sagst Du zu diesen Texten? Der statistische Mensch Der Mensch lebt vernetzt. Er vernetzt sich kommunikativ. Und er vernetzt sich dann mit Hilfe der Technik. Das ist die eine Seite der Medaille. Die andere: Alle Menschen sind Individuen \u2013 aber gleichzeitig verhalten sie sich im Rahmen, der ihnen [&hellip;]<\/p>\n","protected":false},"author":1,"featured_media":0,"parent":619,"menu_order":0,"comment_status":"closed","ping_status":"closed","template":"","meta":{"footnotes":""},"class_list":["post-2063","page","type-page","status-publish","hentry"],"_links":{"self":[{"href":"https:\/\/evangelische-religion.de\/ReligionNeu\/wp-json\/wp\/v2\/pages\/2063","targetHints":{"allow":["GET"]}}],"collection":[{"href":"https:\/\/evangelische-religion.de\/ReligionNeu\/wp-json\/wp\/v2\/pages"}],"about":[{"href":"https:\/\/evangelische-religion.de\/ReligionNeu\/wp-json\/wp\/v2\/types\/page"}],"author":[{"embeddable":true,"href":"https:\/\/evangelische-religion.de\/ReligionNeu\/wp-json\/wp\/v2\/users\/1"}],"replies":[{"embeddable":true,"href":"https:\/\/evangelische-religion.de\/ReligionNeu\/wp-json\/wp\/v2\/comments?post=2063"}],"version-history":[{"count":1,"href":"https:\/\/evangelische-religion.de\/ReligionNeu\/wp-json\/wp\/v2\/pages\/2063\/revisions"}],"predecessor-version":[{"id":2065,"href":"https:\/\/evangelische-religion.de\/ReligionNeu\/wp-json\/wp\/v2\/pages\/2063\/revisions\/2065"}],"up":[{"embeddable":true,"href":"https:\/\/evangelische-religion.de\/ReligionNeu\/wp-json\/wp\/v2\/pages\/619"}],"wp:attachment":[{"href":"https:\/\/evangelische-religion.de\/ReligionNeu\/wp-json\/wp\/v2\/media?parent=2063"}],"curies":[{"name":"wp","href":"https:\/\/api.w.org\/{rel}","templated":true}]}}