{"id":132,"date":"2019-06-28T17:12:59","date_gmt":"2019-06-28T15:12:59","guid":{"rendered":"https:\/\/evangelische-religion.de\/ReligionNeu\/?page_id=132"},"modified":"2026-04-09T10:08:10","modified_gmt":"2026-04-09T08:08:10","slug":"startseite","status":"publish","type":"page","link":"https:\/\/evangelische-religion.de\/ReligionNeu\/","title":{"rendered":"Startseite"},"content":{"rendered":"\n<p class=\"has-text-color has-medium-font-size\" style=\"color:#f90c18\"><strong>Bitte beachten:<\/strong> <a href=\"https:\/\/mini.evangelische-religion.de\/\">https:\/\/mini.evangelische-religion.de\/<\/a> <\/p>\n\n\n\n<p class=\"has-text-align-center has-accent-color has-text-color has-small-font-size\">***<\/p>\n\n\n\n<p><strong>Der \u00fcberwiegende Teil der Beitr\u00e4ge wurde in den Jahren 2009-2013 verfasst. Sie wurden vor allem 2019 erg\u00e4nzt oder \u00fcberarbeitet<\/strong>.<strong> F\u00fcr die Zeit des Lockdowns an Schulen wurde eine neue Seite kreiert. In dieser Zeit (2020-2021) wurden die dort angesprochenen Themen neu gestaltet:<\/strong> <a href=\"https:\/\/mini.evangelische-religion.de\/\">https:\/\/mini.evangelische-religion.de\/<\/a><\/p>\n\n\n\n<p>So sah die alte Seite aus, die immer noch im Internet zug\u00e4nglich ist. Leider konnte sie nicht mehr \u00fcberarbeitet werden, weil der Support eingestellt wurde. <\/p>\n\n\n\n<figure class=\"wp-block-image size-medium\"><img loading=\"lazy\" decoding=\"async\" width=\"300\" height=\"269\" src=\"https:\/\/evangelische-religion.de\/ReligionNeu\/wp-content\/uploads\/2024\/07\/evrelalt-300x269.png\" alt=\"\" class=\"wp-image-2742\" srcset=\"https:\/\/evangelische-religion.de\/ReligionNeu\/wp-content\/uploads\/2024\/07\/evrelalt-300x269.png 300w, https:\/\/evangelische-religion.de\/ReligionNeu\/wp-content\/uploads\/2024\/07\/evrelalt-768x688.png 768w, https:\/\/evangelische-religion.de\/ReligionNeu\/wp-content\/uploads\/2024\/07\/evrelalt.png 947w\" sizes=\"auto, (max-width: 300px) 100vw, 300px\" \/><\/figure>\n\n\n\n<p class=\"has-text-align-center\"><strong>Alle Seiten sind noch nicht von KI \/ AI gepr\u00e4gt. Sie sind vor dem KI Hype entstanden.<\/strong><\/p>\n\n\n\n<p class=\"has-text-align-center\">Zurzeit wird sie \u00fcberarbeitet. Beginn: M\u00e4rz 2026.<\/p>\n\n\n\n<p class=\"has-text-align-center\">***<\/p>\n\n\n\n<p class=\"has-text-align-center has-black-color has-text-color has-medium-font-size\">WARUM DIE BESCH\u00c4FTIGUNG MIT RELIGION?<\/p>\n\n\n\n<p class=\"has-accent-color has-text-color\"><strong>Kultur<\/strong><\/p>\n\n\n\n<p class=\"has-black-color has-text-color has-medium-font-size\">Die christliche Religion ist die Grundlage unserer Kultur: Gesetze, Verhaltensweisen, Kunst (Musik, Literatur, Bilder), Architektur, Philosophie, Wirtschaft, Wissenschaften sind ohne unsere christliche Tradition nicht denkbar. Wenn man sie verstehen will, dann muss man ein wenig \u00fcber unsere Tradition wissen.<\/p>\n\n\n\n<p class=\"has-text-color has-medium-font-size\" style=\"color:#a31400\"><strong>Religionen<\/strong><\/p>\n\n\n\n<p class=\"has-black-color has-text-color has-medium-font-size\">Auch wenn der eine oder andere Mensch Religion f\u00fcr unwichtig h\u00e4lt: Religionen bestimmen unseren Alltag. Nicht mehr allein die christliche Religion, sondern immer st\u00e4rker auch der Islam, der Buddhismus und auch der Hinduismus \u2013 und viele andere Formen von Fr\u00f6mmigkeit, so die Esoterik. Wenn ich das, was in unserer Gesellschaft geschieht, verstehen will, komme ich an den Religionen nicht vorbei.<\/p>\n\n\n\n<p class=\"has-text-color has-medium-font-size\" style=\"color:#00a315\"><strong>Alltag<\/strong><\/p>\n\n\n\n<p class=\"has-black-color has-text-color has-medium-font-size\">\u00dcberall begegnet Religion: in den Zeitungen, im Fernsehen\/Radio, im Internet, in B\u00fcchern, auf den Stra\u00dfen, in der Werbung.<\/p>\n\n\n\n<p class=\"has-text-color has-medium-font-size\" style=\"color:#a36700\"><strong>Lebens-\u00dcberg\u00e4nge<\/strong><\/p>\n\n\n\n<ul class=\"wp-block-list\">\n<li style=\"font-size:18px\">Religion ist f\u00fcr die meisten Menschen an wichtigen Abschnitten ihres Lebens bedeutsam. In christlicher Tradition:<\/li>\n\n\n\n<li style=\"font-size:18px\">\u00dcbergang ins Leben: Geburt \u2013 Taufe: Es wird der Segen Gottes f\u00fcr das Kind erbeten;<\/li>\n\n\n\n<li style=\"font-size:18px\">\u00dcbergang ins Kindesalter: Schule \u2013 Einschulungsgottesdienste: Es wird die Hilfe Gottes erbeten;<\/li>\n\n\n\n<li style=\"font-size:18px\">\u00dcbergang ins Erwachsenenleben \u2013 Konfirmation\/Firmung: diese f\u00fcr viele Menschen schwere Zeit, in der sie sich erst selbst finden m\u00fcssen, wird Gott anvertraut;<\/li>\n\n\n\n<li style=\"font-size:18px\">\u00dcbergang ins Eheleben \u2013 Trauung\/Hochzeit: Es wird f\u00fcr den neuen, den gemeinsamen Weg um Gottes Hilfe gebeten;<\/li>\n\n\n\n<li style=\"font-size:18px\">\u00dcbergang in den Tod\/Sterben \u2013 Beerdigung: Der verstorbene Mensch wird in Gottes Hand gelegt. Das schenkt Trost &#8211; auch f\u00fcr den Gedanken an den eigenen Tod.<\/li>\n<\/ul>\n\n\n\n<p class=\"has-text-color has-medium-font-size\" style=\"color:#08a300\"><strong>Schwere Lebenssituationen<\/strong><\/p>\n\n\n\n<p class=\"has-black-color has-text-color has-medium-font-size\">Im Leben gibt es viele Ereignisse, f\u00fcr die man dankbar ist, und Ereignisse, in denen man gro\u00dfe Probleme hat: Da ist es gut zu wissen, dass man nicht allein ist. So zum Beispiel im Zusammenhang von Krankheiten, bei Problemen mit anderen Menschen und im Beruf, in Fragen von wichtigen Entscheidungen. \u00dcberall da suchen Menschen Gottes N\u00e4he \u2013 und Religion zeigt auf, dass es die M\u00f6glichkeit gibt, sich Gott zuzuwenden: Du bist nicht allein. Dazu gibt es auch wissenschaftliche Untersuchungen, die zeigen, dass der Glaube viele Menschen in ihrer Not\/Krankheit st\u00e4rkt, sie stabilisiert, ihnen Kraft gibt, durchzuhalten\u2026 An Gott kann man sich wenden, wenn man sich allein f\u00fchlt.<\/p>\n\n\n\n<p class=\"has-text-color has-medium-font-size\" style=\"color:#0007a3\"><strong>Gemeinschaft<\/strong><\/p>\n\n\n\n<p class=\"has-black-color has-text-color has-medium-font-size\">Religion gibt aber auch Gemeinschaft: Man feiert miteinander, man hilft einander so gut es geht, man trauert miteinander, singt gemeinsam Lieder und h\u00f6rt Gottes Wort. Gemeinschaft ist ein wichtiges Element in der Religion. Auch wenn bei uns in Mitteleuropa dieser Punkt oft nicht mehr so deutlich wird, weil wir uns lieber nur mit der eigenen Familie besch\u00e4ftigen, so gibt doch auch heute noch Religion Gemeinschaft in vielen Lebensphasen. Dar\u00fcber hinaus freilich: Gemeinschaft auch mit Gott.<\/p>\n\n\n\n<p class=\"has-medium-font-size\"><strong>Gefahren<\/strong><\/p>\n\n\n\n<p class=\"has-black-color has-text-color has-medium-font-size\">Religionen k\u00f6nnen auch gef\u00e4hrlich werden, wenn sie in die Hand von \u00dcbelt\u00e4tern kommen. Alle Gruppen haben die Tendenz, sich selbst in den Mittelpunkt zu stellen, ihre Ansicht als die anzusehen, die f\u00fcr alle gelten muss. Das gilt f\u00fcr Parteien, Gruppen in Wirtschaft und Wissenschaft \u2013 aber auch f\u00fcr Religionen und Weltanschauungen. Wir erkennen auch in unserer christlichen Religion Zeiten, in denen sie sich nicht so verhalten hat und verh\u00e4lt, wie Gott es m\u00f6chte. Sie war grausamen und herrschs\u00fcchtigen Menschen und Gruppen ausgesetzt.<\/p>\n\n\n\n<p class=\"has-text-color has-medium-font-size\" style=\"color:#a39300\"><strong>Wer bin ich?<\/strong><\/p>\n\n\n\n<p class=\"has-black-color has-text-color has-medium-font-size\">Religion denkt \u00fcber den Menschen nach: Wer bin ich eigentlich? Warum bin ich? Warum verhalte ich mich so \u2013 wie ich mich verhalte? Was ist Liebe?<\/p>\n\n\n\n<p class=\"has-text-color has-medium-font-size\" style=\"color:#00a324\"><strong>Jesus Christus<\/strong><\/p>\n\n\n\n<p class=\"has-black-color has-text-color has-medium-font-size\">Gro\u00dfen Einfluss hatte Jesus Christus auf unsere Tradition aber auch auf viele andere Religionen. Er hat gezeigt, dass man Schwache ehren soll, dass man Menschen achten muss, sich f\u00fcr sie einsetzen soll. In Folge seiner Lehre sind Krankenh\u00e4user entstanden, die Diakonie\/Caritas, die Schwachen in der Gesellschaft helfen. Durch Jesus wurde auch etwas anderes wichtig: Jeder einzelne Mensch ist wertvoll und er ist verantwortlich f\u00fcr das, was er tut.<\/p>\n\n\n\n<p class=\"has-accent-color has-text-color has-medium-font-size\"><strong>Neugierig bleiben<\/strong><\/p>\n\n\n\n<p class=\"has-black-color has-text-color has-medium-font-size\">Viele von uns sind neugierig. Wir wollen alles wissen, was es so auf der Welt gibt, wollen es kennen lernen, in Erfahrung bringen. Manche Menschen sind nicht mehr neugierig. Sie werden oft auch immer langweiliger. Und das gilt auch in dieser Hinsicht: Wir sind neugierig: Gibt es Gott? Wenn es ihn gibt: Wer ist er, wie ist er? Was hat Gott mit mir zu tun? Jesus hat uns gesagt, dass Gott uns Menschen liebt \u2013 mich auch? Neugierige Menschen wollen das herausfinden. Religion ist etwas f\u00fcr Neugierige\u2026 Und darum lernt man auch ber\u00fchmte Menschen kennen, die etwas \u00fcber Gott zu sagen wissen.<\/p>\n\n\n\n<p class=\"has-text-color has-medium-font-size\" style=\"color:#a30500\"><strong>Gott<\/strong><\/p>\n\n\n\n<p class=\"has-black-color has-text-color has-medium-font-size\">Religion darum &#8211; und das ist die Grundlage -, weil Glaubende erkennen, dass Gott eine Gr\u00f6\u00dfe ist, mit der wir Menschen in allen Bereichen unseres Lebens rechnen m\u00fcssen. Die folgenden Seiten werden das immer wieder ansprechen.<\/p>\n","protected":false},"excerpt":{"rendered":"<p>Bitte beachten: https:\/\/mini.evangelische-religion.de\/ *** Der \u00fcberwiegende Teil der Beitr\u00e4ge wurde in den Jahren 2009-2013 verfasst. Sie wurden vor allem 2019 erg\u00e4nzt oder \u00fcberarbeitet. F\u00fcr die Zeit des Lockdowns an Schulen wurde eine neue Seite kreiert. In dieser Zeit (2020-2021) wurden die dort angesprochenen Themen neu gestaltet: https:\/\/mini.evangelische-religion.de\/ So sah die [&hellip;]<\/p>\n","protected":false},"author":1,"featured_media":0,"parent":0,"menu_order":0,"comment_status":"closed","ping_status":"closed","template":"","meta":{"footnotes":""},"class_list":["post-132","page","type-page","status-publish","hentry"],"_links":{"self":[{"href":"https:\/\/evangelische-religion.de\/ReligionNeu\/wp-json\/wp\/v2\/pages\/132","targetHints":{"allow":["GET"]}}],"collection":[{"href":"https:\/\/evangelische-religion.de\/ReligionNeu\/wp-json\/wp\/v2\/pages"}],"about":[{"href":"https:\/\/evangelische-religion.de\/ReligionNeu\/wp-json\/wp\/v2\/types\/page"}],"author":[{"embeddable":true,"href":"https:\/\/evangelische-religion.de\/ReligionNeu\/wp-json\/wp\/v2\/users\/1"}],"replies":[{"embeddable":true,"href":"https:\/\/evangelische-religion.de\/ReligionNeu\/wp-json\/wp\/v2\/comments?post=132"}],"version-history":[{"count":20,"href":"https:\/\/evangelische-religion.de\/ReligionNeu\/wp-json\/wp\/v2\/pages\/132\/revisions"}],"predecessor-version":[{"id":2839,"href":"https:\/\/evangelische-religion.de\/ReligionNeu\/wp-json\/wp\/v2\/pages\/132\/revisions\/2839"}],"wp:attachment":[{"href":"https:\/\/evangelische-religion.de\/ReligionNeu\/wp-json\/wp\/v2\/media?parent=132"}],"curies":[{"name":"wp","href":"https:\/\/api.w.org\/{rel}","templated":true}]}}